{"id":41,"date":"2023-12-20T17:59:14","date_gmt":"2023-12-20T16:59:14","guid":{"rendered":"https:\/\/handeln-jetzt.de\/?page_id=41"},"modified":"2023-12-20T18:30:47","modified_gmt":"2023-12-20T17:30:47","slug":"impressum","status":"publish","type":"page","link":"https:\/\/handeln-jetzt.de\/?page_id=41","title":{"rendered":"Impressum"},"content":{"rendered":"<p>Dieses Impressum ist sowohl g\u00fcltig f\u00fcr alle darauf verweisen Domains (089-bar.de, alms.info, berghuette.tv, carocare.de, carocare-24h-pflege.de, carocare24.de, filmcasino.net, gutachter-portal.com, gutachter-portal24.de, handeln-jetzt.de, herr-edv.de, herr-entspannung-wellnessmassagen-muenchen.de, juke-and-joy.de, m-portale.de, mitocare.de, pool33.com, &#8230;) sowie die dazugeh\u00f6rigen Facebook-, LinkedIn-, X- (Twitter) oder XING-Pr\u00e4senzen! Die deutsche Version dieses Impressums ist das Original. Falls ein Streitfall oder eine Nicht\u00fcbereinstimmung zwischen diesem Impressum in einer anderen Sprache vorliegt, gelten die deutschen Formulierungen.<br \/>Dieser Inhalt ist rein rechtlicher Natur und kann sich von den informativen Kontaktangaben der einzelnen Seiten unterscheiden. <strong>F\u00fcr nicht rechtliche Anfragen verwenden Sie bitte die angegebenen Informationen unter der jeweiligen Kontaktseite.<\/strong><\/p>\r\n<p><strong>Ingo Alms<br \/><\/strong><strong>POOL33<br \/><\/strong>im BCP Business-Center-P\u00f6cking<br \/>Brunthaler Weg 4<br \/>82343 P\u00f6cking<\/p>\r\n<p>E-Mail: office@pool33.com<br \/>Tel.: +49 (8151) 656570<\/p>\r\n<p><strong>Verantwortlich f\u00fcr den Inhalt: <\/strong>Ingo Alms<\/p>\r\n<p>Umsatzsteuer-Identnummer: DE229979943<\/p>\r\n<p><strong>Rechliche Informationen \/ Legal information<\/strong><\/p>\r\n<p><a href=\"http:\/\/pool33.com\/unternehmen\/agb\" target=\"_blank\" rel=\"noopener noreferrer\">http:\/\/pool33.com\/unternehmen\/agb<\/a><br \/><a href=\"http:\/\/pool33.com\/unternehmen\/datenschutz\" target=\"_blank\" rel=\"noopener noreferrer\">http:\/\/pool33.com\/unternehmen\/datenschutz<\/a><br \/><a href=\"http:\/\/pool33.com\/unternehmen\/copyright\" target=\"_blank\" rel=\"noopener noreferrer\">http:\/\/pool33.com\/unternehmen\/copyright<\/a><br \/><a href=\"http:\/\/pool33.com\/unternehmen\/disclaimer\" target=\"_blank\" rel=\"noopener noreferrer\">http:\/\/pool33.com\/unternehmen\/disclaimer<\/a><br \/><a href=\"http:\/\/pool33.com\/unternehmen\/nutzungsbedingungen\" target=\"_blank\" rel=\"noopener noreferrer\">http:\/\/pool33.com\/unternehmen\/nutzungsbedingungen<\/a><\/p>\r\n<p><strong>EU-Streitschlichtung<\/strong><br \/><br \/>Die Europ\u00e4ische Kommission stellt eine Plattform zur Online-Streitbeilegung (OS) bereit: <a href=\"https:\/\/ec.europa.eu\/consumers\/odr\" target=\"_blank\" rel=\"noopener\">https:\/\/ec.europa.eu\/consumers\/odr<\/a><br \/>Unsere E-Mail-Adresse finden Sie oben im Impressum.<br \/><br \/><strong>Verbraucherstreitbeilegung\/Universalschlichtungsstelle<\/strong><br \/><br \/>Wir sind zur Teilnahme an einem Streitbeilegungsverfahren vor einer Verbraucherschlichtungsstelle weder verpflichtet, noch bereit.<\/p>\r\n","protected":false},"excerpt":{"rendered":"<p>Dieses Impressum ist sowohl g\u00fcltig f\u00fcr alle darauf verweisen Domains (089-bar.de, alms.info, berghuette.tv, carocare.de, carocare-24h-pflege.de, carocare24.de, filmcasino.net, gutachter-portal.com, gutachter-portal24.de, handeln-jetzt.de, herr-edv.de, herr-entspannung-wellnessmassagen-muenchen.de, juke-and-joy.de, m-portale.de, mitocare.de, pool33.com, &#8230;) sowie die dazugeh\u00f6rigen Facebook-, LinkedIn-, X- (Twitter) oder XING-Pr\u00e4senzen! Die deutsche Version dieses Impressums ist das Original. Falls ein Streitfall oder eine Nicht\u00fcbereinstimmung zwischen diesem Impressum in einer [&hellip;]<\/p>\n","protected":false},"author":2,"featured_media":0,"parent":0,"menu_order":0,"comment_status":"closed","ping_status":"closed","template":"","meta":{"footnotes":""},"class_list":["post-41","page","type-page","status-publish","hentry"],"yoast_head":"<!-- This site is optimized with the Yoast SEO plugin v21.7 - https:\/\/yoast.com\/wordpress\/plugins\/seo\/ -->\n<title>Impressum - Handeln! Jetzt!<\/title>\n<meta name=\"robots\" content=\"noindex, nofollow\" \/>\n<meta property=\"og:locale\" content=\"de_DE\" \/>\n<meta property=\"og:type\" content=\"article\" \/>\n<meta property=\"og:title\" content=\"Impressum - Handeln! Jetzt!\" \/>\n<meta property=\"og:description\" content=\"Dieses Impressum ist sowohl g\u00fcltig f\u00fcr alle darauf verweisen Domains (089-bar.de, alms.info, berghuette.tv, carocare.de, carocare-24h-pflege.de, carocare24.de, filmcasino.net, gutachter-portal.com, gutachter-portal24.de, handeln-jetzt.de, herr-edv.de, herr-entspannung-wellnessmassagen-muenchen.de, juke-and-joy.de, m-portale.de, mitocare.de, pool33.com, &#8230;) sowie die dazugeh\u00f6rigen Facebook-, LinkedIn-, X- (Twitter) oder XING-Pr\u00e4senzen! Die deutsche Version dieses Impressums ist das Original. Falls ein Streitfall oder eine Nicht\u00fcbereinstimmung zwischen diesem Impressum in einer [&hellip;]\" \/>\n<meta property=\"og:url\" content=\"https:\/\/handeln-jetzt.de\/?page_id=41\" \/>\n<meta property=\"og:site_name\" content=\"Handeln! Jetzt!\" \/>\n<meta property=\"article:modified_time\" content=\"2023-12-20T17:30:47+00:00\" \/>\n<meta name=\"twitter:card\" content=\"summary_large_image\" \/>\n<meta name=\"twitter:label1\" content=\"Gesch\u00e4tzte Lesezeit\" \/>\n\t<meta name=\"twitter:data1\" content=\"1\u00a0Minute\" \/>\n<script type=\"application\/ld+json\" class=\"yoast-schema-graph\">{\"@context\":\"https:\/\/schema.org\",\"@graph\":[{\"@type\":\"WebPage\",\"@id\":\"https:\/\/handeln-jetzt.de\/?page_id=41\",\"url\":\"https:\/\/handeln-jetzt.de\/?page_id=41\",\"name\":\"Impressum - Handeln! Jetzt!\",\"isPartOf\":{\"@id\":\"https:\/\/handeln-jetzt.de\/#website\"},\"datePublished\":\"2023-12-20T16:59:14+00:00\",\"dateModified\":\"2023-12-20T17:30:47+00:00\",\"breadcrumb\":{\"@id\":\"https:\/\/handeln-jetzt.de\/?page_id=41#breadcrumb\"},\"inLanguage\":\"de\",\"potentialAction\":[{\"@type\":\"ReadAction\",\"target\":[\"https:\/\/handeln-jetzt.de\/?page_id=41\"]}]},{\"@type\":\"BreadcrumbList\",\"@id\":\"https:\/\/handeln-jetzt.de\/?page_id=41#breadcrumb\",\"itemListElement\":[{\"@type\":\"ListItem\",\"position\":1,\"name\":\"Startseite\",\"item\":\"https:\/\/handeln-jetzt.de\/\"},{\"@type\":\"ListItem\",\"position\":2,\"name\":\"Impressum\"}]},{\"@type\":\"WebSite\",\"@id\":\"https:\/\/handeln-jetzt.de\/#website\",\"url\":\"https:\/\/handeln-jetzt.de\/\",\"name\":\"Handeln! Jetzt!\",\"description\":\"Mit Ingo Alms jetzt Weichen stellen...\",\"potentialAction\":[{\"@type\":\"SearchAction\",\"target\":{\"@type\":\"EntryPoint\",\"urlTemplate\":\"https:\/\/handeln-jetzt.de\/?s={search_term_string}\"},\"query-input\":\"required name=search_term_string\"}],\"inLanguage\":\"de\"}]}<\/script>\n<!-- \/ Yoast SEO plugin. -->","yoast_head_json":{"title":"Impressum - Handeln! Jetzt!","robots":{"index":"noindex","follow":"nofollow"},"og_locale":"de_DE","og_type":"article","og_title":"Impressum - Handeln! Jetzt!","og_description":"Dieses Impressum ist sowohl g\u00fcltig f\u00fcr alle darauf verweisen Domains (089-bar.de, alms.info, berghuette.tv, carocare.de, carocare-24h-pflege.de, carocare24.de, filmcasino.net, gutachter-portal.com, gutachter-portal24.de, handeln-jetzt.de, herr-edv.de, herr-entspannung-wellnessmassagen-muenchen.de, juke-and-joy.de, m-portale.de, mitocare.de, pool33.com, &#8230;) sowie die dazugeh\u00f6rigen Facebook-, LinkedIn-, X- (Twitter) oder XING-Pr\u00e4senzen! Die deutsche Version dieses Impressums ist das Original. Falls ein Streitfall oder eine Nicht\u00fcbereinstimmung zwischen diesem Impressum in einer [&hellip;]","og_url":"https:\/\/handeln-jetzt.de\/?page_id=41","og_site_name":"Handeln! Jetzt!","article_modified_time":"2023-12-20T17:30:47+00:00","twitter_card":"summary_large_image","twitter_misc":{"Gesch\u00e4tzte Lesezeit":"1\u00a0Minute"},"schema":{"@context":"https:\/\/schema.org","@graph":[{"@type":"WebPage","@id":"https:\/\/handeln-jetzt.de\/?page_id=41","url":"https:\/\/handeln-jetzt.de\/?page_id=41","name":"Impressum - Handeln! Jetzt!","isPartOf":{"@id":"https:\/\/handeln-jetzt.de\/#website"},"datePublished":"2023-12-20T16:59:14+00:00","dateModified":"2023-12-20T17:30:47+00:00","breadcrumb":{"@id":"https:\/\/handeln-jetzt.de\/?page_id=41#breadcrumb"},"inLanguage":"de","potentialAction":[{"@type":"ReadAction","target":["https:\/\/handeln-jetzt.de\/?page_id=41"]}]},{"@type":"BreadcrumbList","@id":"https:\/\/handeln-jetzt.de\/?page_id=41#breadcrumb","itemListElement":[{"@type":"ListItem","position":1,"name":"Startseite","item":"https:\/\/handeln-jetzt.de\/"},{"@type":"ListItem","position":2,"name":"Impressum"}]},{"@type":"WebSite","@id":"https:\/\/handeln-jetzt.de\/#website","url":"https:\/\/handeln-jetzt.de\/","name":"Handeln! Jetzt!","description":"Mit Ingo Alms jetzt Weichen stellen...","potentialAction":[{"@type":"SearchAction","target":{"@type":"EntryPoint","urlTemplate":"https:\/\/handeln-jetzt.de\/?s={search_term_string}"},"query-input":"required name=search_term_string"}],"inLanguage":"de"}]}},"_links":{"self":[{"href":"https:\/\/handeln-jetzt.de\/index.php?rest_route=\/wp\/v2\/pages\/41","targetHints":{"allow":["GET"]}}],"collection":[{"href":"https:\/\/handeln-jetzt.de\/index.php?rest_route=\/wp\/v2\/pages"}],"about":[{"href":"https:\/\/handeln-jetzt.de\/index.php?rest_route=\/wp\/v2\/types\/page"}],"author":[{"embeddable":true,"href":"https:\/\/handeln-jetzt.de\/index.php?rest_route=\/wp\/v2\/users\/2"}],"replies":[{"embeddable":true,"href":"https:\/\/handeln-jetzt.de\/index.php?rest_route=%2Fwp%2Fv2%2Fcomments&post=41"}],"version-history":[{"count":5,"href":"https:\/\/handeln-jetzt.de\/index.php?rest_route=\/wp\/v2\/pages\/41\/revisions"}],"predecessor-version":[{"id":46,"href":"https:\/\/handeln-jetzt.de\/index.php?rest_route=\/wp\/v2\/pages\/41\/revisions\/46"}],"wp:attachment":[{"href":"https:\/\/handeln-jetzt.de\/index.php?rest_route=%2Fwp%2Fv2%2Fmedia&parent=41"}],"curies":[{"name":"wp","href":"https:\/\/api.w.org\/{rel}","templated":true}]}}